{"id":5375,"date":"2021-11-16T16:27:32","date_gmt":"2021-11-16T15:27:32","guid":{"rendered":"https:\/\/dkt-rdc.org\/?page_id=5375"},"modified":"2025-04-22T10:49:54","modified_gmt":"2025-04-22T09:49:54","slug":"autres-produits","status":"publish","type":"page","link":"https:\/\/dkt-rdc.org\/index.php\/autres-produits\/","title":{"rendered":"Autres produits"},"content":{"rendered":"\t\t<div data-elementor-type=\"wp-page\" data-elementor-id=\"5375\" class=\"elementor elementor-5375\" data-elementor-settings=\"[]\">\n\t\t\t\t\t\t\t<div class=\"elementor-section-wrap\">\n\t\t\t\t\t        <section class=\"elementor-section elementor-top-section elementor-element elementor-element-577e92b elementor-section-boxed elementor-section-height-default elementor-section-height-default\" data-id=\"577e92b\" data-element_type=\"section\">\n            \n                        <div class=\"elementor-container elementor-column-gap-default \">\n                    <div class=\"elementor-column elementor-col-50 elementor-top-column elementor-element elementor-element-8b56624\" data-id=\"8b56624\" data-element_type=\"column\">\n            <div class=\"elementor-widget-wrap elementor-element-populated\">\n                        \t\t<div class=\"elementor-element elementor-element-e3becab elementor-widget elementor-widget-ct_heading\" data-id=\"e3becab\" data-element_type=\"widget\" data-widget_type=\"ct_heading.default\">\n\t\t\t\t<div class=\"elementor-widget-container\">\n\t\t\t<div class=\"ct-heading ct-heading-dot h-align- \" data-wow-duration=\"1.2s\">\r\n\t\t\t<div class=\"item--sub-title style-default\">\r\n            <span>POWERFIL<\/span>\r\n        <\/div>\r\n\t        <h4 class=\"item--title\">\r\n                    <i class=\"dot-shape\">\r\n                <i><\/i>\r\n                <i><\/i>\r\n                <i><\/i>\r\n                <i><\/i>\r\n                <i><\/i>\r\n                <i><\/i>\r\n            <\/i>\r\n                Le stimulant pour explorer ta puissance\u00a0!    <\/h4>\r\n<\/div>\t\t<\/div>\n\t\t\t\t<\/div>\n\t\t\t\t<div class=\"elementor-element elementor-element-367d492 elementor-widget elementor-widget-ct_text_editor\" data-id=\"367d492\" data-element_type=\"widget\" data-widget_type=\"ct_text_editor.default\">\n\t\t\t\t<div class=\"elementor-widget-container\">\n\t\t\t<div id=\"ct_text_editor-367d492\" class=\"ct-text-editor \">\n\t<div class=\"ct-inline-css\"  data-css=\"\n        \">\n    <\/div>\n\t<div class=\"ct-text-editor elementor-clearfix\"><p>\u00c9panouissez-vous sexuellement dans votre couple\u00a0et dites au revoir aux pannes d\u2019\u00e9rection\u00a0! Explorez votre puissance avec le stimulant Powerfil. Sa plaquette est faite de 4 comprim\u00e9s buvable de 100mg chacun. La dose maximale journali\u00e8re est d\u2019un seul comprim\u00e9 \u00e0 prendre environ 40 minutes avant le rapport sexuel.<\/p><p><br \/>Powerfil est disponible en pharmacie et ne n\u00e9cessite pas d\u2019ordonnance m\u00e9dicale. En cas de maladie cardiaque ou du foie, demandez conseil \u00e0 votre m\u00e9decin ou pharmacien.<\/p><\/div>\n<\/div>\t\t<\/div>\n\t\t\t\t<\/div>\n\t\t            <\/div>\n        <\/div>\n                <div class=\"elementor-column elementor-col-50 elementor-top-column elementor-element elementor-element-9b8dd68\" data-id=\"9b8dd68\" data-element_type=\"column\">\n            <div class=\"elementor-widget-wrap elementor-element-populated\">\n                        \t\t<div class=\"elementor-element elementor-element-cd68a92 elementor-widget elementor-widget-ct_image\" data-id=\"cd68a92\" data-element_type=\"widget\" data-widget_type=\"ct_image.default\">\n\t\t\t\t<div class=\"elementor-widget-container\">\n\t\t\t<div class=\"ct-image-single \" data-wow-duration=\"1.2s\" data-wow-delay=\"ms\">\r\n                        <img decoding=\"async\" width=\"1000\" height=\"1000\" src=\"https:\/\/dkt-rdc.org\/wp-content\/uploads\/2021\/11\/Sans-titre-1.png\" class=\"attachment-full\" alt=\"\" \/>            <\/div>\t\t<\/div>\n\t\t\t\t<\/div>\n\t\t            <\/div>\n        <\/div>\n                            <\/div>\n        <\/section>\n                <section class=\"elementor-section elementor-top-section elementor-element elementor-element-5a5f066 elementor-section-stretched elementor-section-boxed elementor-section-height-default elementor-section-height-default\" data-id=\"5a5f066\" data-element_type=\"section\" data-settings=\"{&quot;stretch_section&quot;:&quot;section-stretched&quot;,&quot;background_background&quot;:&quot;classic&quot;}\">\n                            <div class=\"elementor-background-overlay\"><\/div>\n                \n                        <div class=\"elementor-container elementor-column-gap-default \">\n                    <div class=\"elementor-column elementor-col-50 elementor-top-column elementor-element elementor-element-94e8469\" data-id=\"94e8469\" data-element_type=\"column\">\n            <div class=\"elementor-widget-wrap elementor-element-populated\">\n                        \t\t<div class=\"elementor-element elementor-element-fa94226 elementor-widget elementor-widget-ct_image\" data-id=\"fa94226\" data-element_type=\"widget\" data-widget_type=\"ct_image.default\">\n\t\t\t\t<div class=\"elementor-widget-container\">\n\t\t\t<div class=\"ct-image-single \" data-wow-duration=\"1.2s\" data-wow-delay=\"ms\">\r\n                        <img decoding=\"async\" width=\"1000\" height=\"1000\" src=\"https:\/\/dkt-rdc.org\/wp-content\/uploads\/2022\/04\/3.png\" class=\"attachment-full\" alt=\"\" \/>            <\/div>\t\t<\/div>\n\t\t\t\t<\/div>\n\t\t            <\/div>\n        <\/div>\n                <div class=\"elementor-column elementor-col-50 elementor-top-column elementor-element elementor-element-58cc572\" data-id=\"58cc572\" data-element_type=\"column\">\n            <div class=\"elementor-widget-wrap elementor-element-populated\">\n                        \t\t<div class=\"elementor-element elementor-element-4fbc2a8 elementor-widget elementor-widget-ct_heading\" data-id=\"4fbc2a8\" data-element_type=\"widget\" data-widget_type=\"ct_heading.default\">\n\t\t\t\t<div class=\"elementor-widget-container\">\n\t\t\t<div class=\"ct-heading ct-heading-dot h-align- \" data-wow-duration=\"1.2s\">\r\n\t\t\t<div class=\"item--sub-title style-default\">\r\n            <span>LUBRIFIANT<\/span>\r\n        <\/div>\r\n\t        <h4 class=\"item--title\">\r\n                    <i class=\"dot-shape\">\r\n                <i><\/i>\r\n                <i><\/i>\r\n                <i><\/i>\r\n                <i><\/i>\r\n                <i><\/i>\r\n                <i><\/i>\r\n            <\/i>\r\n                Gel Intime!    <\/h4>\r\n<\/div>\t\t<\/div>\n\t\t\t\t<\/div>\n\t\t\t\t<div class=\"elementor-element elementor-element-8629916 elementor-widget elementor-widget-ct_text_editor\" data-id=\"8629916\" data-element_type=\"widget\" data-widget_type=\"ct_text_editor.default\">\n\t\t\t\t<div class=\"elementor-widget-container\">\n\t\t\t<div id=\"ct_text_editor-8629916\" class=\"ct-text-editor \">\n\t<div class=\"ct-inline-css\"  data-css=\"\n        \">\n    <\/div>\n\t<div class=\"ct-text-editor elementor-clearfix\"><p>\u00a0<\/p><p>Gel intime sp\u00e9cialement formul\u00e9 pour fournir une lubrification naturelle. \u00c9galement utilis\u00e9 comme lubrifiant additionnel pour le traitement de la s\u00e9cheresse vaginale pendant les rapports sexuels. A base d\u2019eau, il est id\u00e9al pour une utilisation avec pr\u00e9servatif.<\/p><\/div>\n<\/div>\t\t<\/div>\n\t\t\t\t<\/div>\n\t\t            <\/div>\n        <\/div>\n                            <\/div>\n        <\/section>\n                <section class=\"elementor-section elementor-top-section elementor-element elementor-element-29afa09 elementor-section-boxed elementor-section-height-default elementor-section-height-default\" data-id=\"29afa09\" data-element_type=\"section\">\n            \n                        <div class=\"elementor-container elementor-column-gap-default \">\n                    <div class=\"elementor-column elementor-col-50 elementor-top-column elementor-element elementor-element-2acf5ca\" data-id=\"2acf5ca\" data-element_type=\"column\">\n            <div class=\"elementor-widget-wrap elementor-element-populated\">\n                        \t\t<div class=\"elementor-element elementor-element-3220926 elementor-widget elementor-widget-ct_heading\" data-id=\"3220926\" data-element_type=\"widget\" data-widget_type=\"ct_heading.default\">\n\t\t\t\t<div class=\"elementor-widget-container\">\n\t\t\t<div class=\"ct-heading ct-heading-dot h-align- \" data-wow-duration=\"1.2s\">\r\n\t\t\t<div class=\"item--sub-title style-default\">\r\n            <span>ALEZE TEST<\/span>\r\n        <\/div>\r\n\t        <h4 class=\"item--title\">\r\n                    <i class=\"dot-shape\">\r\n                <i><\/i>\r\n                <i><\/i>\r\n                <i><\/i>\r\n                <i><\/i>\r\n                <i><\/i>\r\n                <i><\/i>\r\n            <\/i>\r\n                Aleze Test !!!    <\/h4>\r\n<\/div>\t\t<\/div>\n\t\t\t\t<\/div>\n\t\t\t\t<div class=\"elementor-element elementor-element-13d3561 elementor-widget elementor-widget-ct_text_editor\" data-id=\"13d3561\" data-element_type=\"widget\" data-widget_type=\"ct_text_editor.default\">\n\t\t\t\t<div class=\"elementor-widget-container\">\n\t\t\t<div id=\"ct_text_editor-13d3561\" class=\"ct-text-editor \">\n\t<div class=\"ct-inline-css\"  data-css=\"\n        \">\n    <\/div>\n\t<div class=\"ct-text-editor elementor-clearfix\"><p>Test de grossesse \u00e0 port\u00e9e de main, tr\u00e8s rapide et fiable. Il garantit une confidentialit\u00e9 et une qualit\u00e9 assur\u00e9e.<\/p><p>Test\u00e9 cliniquement, il est facile \u00e0 conserver.<\/p><ul><li><strong>PROC\u00c9DURE DE TEST :<\/strong><\/li><\/ul><ol><li>Retirez la bandelette de test de la pochette scell\u00e9e et utilisez-la d\u00e8s que possible<\/li><li>Immergez la bandelette de test dans l&#8217;\u00e9chantillon d&#8217;urine pendant au moins 5 secondes.<\/li><li>Retirez la bandelette et posez-la sur une surface plate.<\/li><li>D\u00e9couvrez le r\u00e9sultat dans les 5 minutes qui suivent.<\/li><\/ol><ul><li><strong>INTERPR\u00c9TATION DES R\u00c9SULTATS :<\/strong><\/li><\/ul><p><strong>ENCEINTE : <\/strong>Deux lignes distinctes de couleur rose apparaissent, l&#8217;une dans la r\u00e9gion test (T) et l&#8217;autre dans la r\u00e9gion t\u00e9moin (C)<\/p><p><strong>PAS ENCEINTE<\/strong> : Une seule ligne de couleur rose appara\u00eet dans la r\u00e9gion de contr\u00f4le (C)<\/p><p><strong>INVALIDE : <\/strong>La ligne de contr\u00f4le n&#8217;appara\u00eet pas.<\/p><\/div>\n<\/div>\t\t<\/div>\n\t\t\t\t<\/div>\n\t\t            <\/div>\n        <\/div>\n                <div class=\"elementor-column elementor-col-50 elementor-top-column elementor-element elementor-element-9835677\" data-id=\"9835677\" data-element_type=\"column\">\n            <div class=\"elementor-widget-wrap elementor-element-populated\">\n                        \t\t<div class=\"elementor-element elementor-element-1291d33 elementor-widget elementor-widget-ct_image\" data-id=\"1291d33\" data-element_type=\"widget\" data-widget_type=\"ct_image.default\">\n\t\t\t\t<div class=\"elementor-widget-container\">\n\t\t\t<div class=\"ct-image-single \" data-wow-duration=\"1.2s\" data-wow-delay=\"ms\">\r\n                        <img decoding=\"async\" width=\"414\" height=\"397\" src=\"https:\/\/dkt-rdc.org\/wp-content\/uploads\/2025\/01\/Aleze_Test.png\" class=\"attachment-full\" alt=\"\" \/>            <\/div>\t\t<\/div>\n\t\t\t\t<\/div>\n\t\t            <\/div>\n        <\/div>\n                            <\/div>\n        <\/section>\n                <section class=\"elementor-section elementor-top-section elementor-element elementor-element-9dcaad5 elementor-section-stretched elementor-section-boxed elementor-section-height-default elementor-section-height-default\" data-id=\"9dcaad5\" data-element_type=\"section\" data-settings=\"{&quot;stretch_section&quot;:&quot;section-stretched&quot;,&quot;background_background&quot;:&quot;classic&quot;}\">\n            \n                        <div class=\"elementor-container elementor-column-gap-default \">\n                    <div class=\"elementor-column elementor-col-50 elementor-top-column elementor-element elementor-element-ce6b153\" data-id=\"ce6b153\" data-element_type=\"column\">\n            <div class=\"elementor-widget-wrap elementor-element-populated\">\n                        \t\t<div class=\"elementor-element elementor-element-3f420cd elementor-widget elementor-widget-ct_image\" data-id=\"3f420cd\" data-element_type=\"widget\" data-widget_type=\"ct_image.default\">\n\t\t\t\t<div class=\"elementor-widget-container\">\n\t\t\t<div class=\"ct-image-single \" data-wow-duration=\"1.2s\" data-wow-delay=\"ms\">\r\n                        <img decoding=\"async\" width=\"1918\" height=\"2489\" src=\"https:\/\/dkt-rdc.org\/wp-content\/uploads\/2025\/04\/GEL-CHIC.png\" class=\"attachment-full\" alt=\"\" \/>            <\/div>\t\t<\/div>\n\t\t\t\t<\/div>\n\t\t            <\/div>\n        <\/div>\n                <div class=\"elementor-column elementor-col-50 elementor-top-column elementor-element elementor-element-e327682\" data-id=\"e327682\" data-element_type=\"column\">\n            <div class=\"elementor-widget-wrap elementor-element-populated\">\n                        \t\t<div class=\"elementor-element elementor-element-d12f0e1 elementor-widget elementor-widget-ct_heading\" data-id=\"d12f0e1\" data-element_type=\"widget\" data-widget_type=\"ct_heading.default\">\n\t\t\t\t<div class=\"elementor-widget-container\">\n\t\t\t<div class=\"ct-heading ct-heading-dot h-align- \" data-wow-duration=\"1.2s\">\r\n\t\t\t<div class=\"item--sub-title style-default\">\r\n            <span>LUBRIFIANT<\/span>\r\n        <\/div>\r\n\t        <h4 class=\"item--title\">\r\n                    <i class=\"dot-shape\">\r\n                <i><\/i>\r\n                <i><\/i>\r\n                <i><\/i>\r\n                <i><\/i>\r\n                <i><\/i>\r\n                <i><\/i>\r\n            <\/i>\r\n                Gel Chic     <\/h4>\r\n<\/div>\t\t<\/div>\n\t\t\t\t<\/div>\n\t\t\t\t<div class=\"elementor-element elementor-element-509710c elementor-widget elementor-widget-ct_text_editor\" data-id=\"509710c\" data-element_type=\"widget\" data-widget_type=\"ct_text_editor.default\">\n\t\t\t\t<div class=\"elementor-widget-container\">\n\t\t\t<div id=\"ct_text_editor-509710c\" class=\"ct-text-editor \">\n\t<div class=\"ct-inline-css\"  data-css=\"\n        \">\n    <\/div>\n\t<div class=\"ct-text-editor elementor-clearfix\"><p>\u00a0<\/p><p class=\"MsoNormal\"><span lang=\"FR\">Gel intime \u00e0 base d\u2019eau, con\u00e7u pour offrir une lubrification naturelle et confortable. Parfait en compl\u00e9ment lors des rapports sexuels, notamment en cas de s\u00e9cheresse vaginale. Compatible avec les pr\u00e9servatifs. Petite taille mais grand plaisir garanti\u00a0!<\/span><\/p><\/div>\n<\/div>\t\t<\/div>\n\t\t\t\t<\/div>\n\t\t            <\/div>\n        <\/div>\n                            <\/div>\n        <\/section>\n        \t\t\t\t<\/div>\n\t\t\t\t\t<\/div>\n\t\t","protected":false},"excerpt":{"rendered":"<p>POWERFIL Le stimulant pour explorer ta puissance\u00a0! \u00c9panouissez-vous sexuellement dans votre couple\u00a0et dites au revoir aux pannes d\u2019\u00e9rection\u00a0! Explorez votre puissance avec le stimulant Powerfil. Sa plaquette est faite de 4 comprim\u00e9s buvable de 100mg chacun. La dose maximale journali\u00e8re est d\u2019un seul comprim\u00e9 \u00e0 prendre environ 40 minutes avant le rapport sexuel. Powerfil est [&hellip;]<\/p>\n","protected":false},"author":2,"featured_media":0,"parent":0,"menu_order":0,"comment_status":"closed","ping_status":"closed","template":"","meta":{"footnotes":""},"class_list":["post-5375","page","type-page","status-publish","hentry"],"_links":{"self":[{"href":"https:\/\/dkt-rdc.org\/index.php\/wp-json\/wp\/v2\/pages\/5375","targetHints":{"allow":["GET"]}}],"collection":[{"href":"https:\/\/dkt-rdc.org\/index.php\/wp-json\/wp\/v2\/pages"}],"about":[{"href":"https:\/\/dkt-rdc.org\/index.php\/wp-json\/wp\/v2\/types\/page"}],"author":[{"embeddable":true,"href":"https:\/\/dkt-rdc.org\/index.php\/wp-json\/wp\/v2\/users\/2"}],"replies":[{"embeddable":true,"href":"https:\/\/dkt-rdc.org\/index.php\/wp-json\/wp\/v2\/comments?post=5375"}],"version-history":[{"count":25,"href":"https:\/\/dkt-rdc.org\/index.php\/wp-json\/wp\/v2\/pages\/5375\/revisions"}],"predecessor-version":[{"id":6534,"href":"https:\/\/dkt-rdc.org\/index.php\/wp-json\/wp\/v2\/pages\/5375\/revisions\/6534"}],"wp:attachment":[{"href":"https:\/\/dkt-rdc.org\/index.php\/wp-json\/wp\/v2\/media?parent=5375"}],"curies":[{"name":"wp","href":"https:\/\/api.w.org\/{rel}","templated":true}]}}