{"id":3948,"date":"2021-06-28T12:33:05","date_gmt":"2021-06-28T11:33:05","guid":{"rendered":"http:\/\/test.dkt-rdc.org\/?page_id=3948"},"modified":"2023-11-20T14:36:46","modified_gmt":"2023-11-20T13:36:46","slug":"nos-alternatives-au-curetage","status":"publish","type":"page","link":"https:\/\/dkt-rdc.org\/index.php\/nos-produits\/nos-alternatives-au-curetage\/","title":{"rendered":"Nos alternatives au curetage"},"content":{"rendered":"\t\t<div data-elementor-type=\"wp-page\" data-elementor-id=\"3948\" class=\"elementor elementor-3948\" data-elementor-settings=\"[]\">\n\t\t\t\t\t\t\t<div class=\"elementor-section-wrap\">\n\t\t\t\t\t        <section class=\"elementor-section elementor-top-section elementor-element elementor-element-1ff825d elementor-section-stretched elementor-section-boxed elementor-section-height-default elementor-section-height-default\" data-id=\"1ff825d\" data-element_type=\"section\" data-settings=\"{&quot;stretch_section&quot;:&quot;section-stretched&quot;}\">\n            \n                        <div class=\"elementor-container elementor-column-gap-default \">\n                    <div class=\"elementor-column elementor-col-50 elementor-top-column elementor-element elementor-element-cfaaa6f\" data-id=\"cfaaa6f\" data-element_type=\"column\">\n            <div class=\"elementor-widget-wrap elementor-element-populated\">\n                        \t\t<div class=\"elementor-element elementor-element-e3795a8 elementor-widget elementor-widget-ct_image\" data-id=\"e3795a8\" data-element_type=\"widget\" data-widget_type=\"ct_image.default\">\n\t\t\t\t<div class=\"elementor-widget-container\">\n\t\t\t<div class=\"ct-image-single wow tada\" data-wow-duration=\"1.2s\" data-wow-delay=\"ms\">\r\n                        <img decoding=\"async\" width=\"1732\" height=\"1204\" src=\"https:\/\/dkt-rdc.org\/wp-content\/uploads\/2023\/11\/Miso-Care.png\" class=\"attachment-full\" alt=\"\" \/>            <\/div>\t\t<\/div>\n\t\t\t\t<\/div>\n\t\t            <\/div>\n        <\/div>\n                <div class=\"elementor-column elementor-col-50 elementor-top-column elementor-element elementor-element-681fb77\" data-id=\"681fb77\" data-element_type=\"column\">\n            <div class=\"elementor-widget-wrap elementor-element-populated\">\n                        \t\t<div class=\"elementor-element elementor-element-755b2dd elementor-widget elementor-widget-ct_heading\" data-id=\"755b2dd\" data-element_type=\"widget\" data-widget_type=\"ct_heading.default\">\n\t\t\t\t<div class=\"elementor-widget-container\">\n\t\t\t<div class=\"ct-heading ct-heading-dot h-align- \" data-wow-duration=\"1.2s\">\r\n\t\t\t<div class=\"item--sub-title style-default\">\r\n            <span>MISOCARE<\/span>\r\n        <\/div>\r\n\t        <h4 class=\"item--title\">\r\n                    <i class=\"dot-shape\">\r\n                <i><\/i>\r\n                <i><\/i>\r\n                <i><\/i>\r\n                <i><\/i>\r\n                <i><\/i>\r\n                <i><\/i>\r\n            <\/i>\r\n                M\u00e9dicament essentiel en sant\u00e9 reproductive contre les h\u00e9morragies.     <\/h4>\r\n<\/div>\t\t<\/div>\n\t\t\t\t<\/div>\n\t\t\t\t<div class=\"elementor-element elementor-element-874ac1f elementor-widget elementor-widget-ct_text_editor\" data-id=\"874ac1f\" data-element_type=\"widget\" data-widget_type=\"ct_text_editor.default\">\n\t\t\t\t<div class=\"elementor-widget-container\">\n\t\t\t<div id=\"ct_text_editor-874ac1f\" class=\"ct-text-editor \">\n\t<div class=\"ct-inline-css\"  data-css=\"\n        \">\n    <\/div>\n\t<div class=\"ct-text-editor elementor-clearfix\"><p>Notre MISO 200 (Misoprostol 200 mcg) est un produit de haute qualit\u00e9 test\u00e9 et fiable, utilis\u00e9 dans la gestion des conditions obst\u00e9triques, gyn\u00e9cologiques et m\u00e9dicales. Ceux-ci incluent notamment les traitements des h\u00e9morragies post-partum (HPP), la pr\u00e9vention des HPP, les traitements de l\u2019\u0153uf clair, des myomectomies ainsi que des c\u00e9sariennes, et les soins de fausse couche ou soins apr\u00e8s avortement etc.<\/p><\/div>\n<\/div>\t\t<\/div>\n\t\t\t\t<\/div>\n\t\t            <\/div>\n        <\/div>\n                            <\/div>\n        <\/section>\n                <section class=\"elementor-section elementor-top-section elementor-element elementor-element-c4c38cf elementor-section-stretched elementor-section-boxed elementor-section-height-default elementor-section-height-default\" data-id=\"c4c38cf\" data-element_type=\"section\" data-settings=\"{&quot;stretch_section&quot;:&quot;section-stretched&quot;,&quot;background_background&quot;:&quot;classic&quot;}\">\n            \n                        <div class=\"elementor-container elementor-column-gap-default \">\n                    <div class=\"elementor-column elementor-col-50 elementor-top-column elementor-element elementor-element-7c0c007\" data-id=\"7c0c007\" data-element_type=\"column\">\n            <div class=\"elementor-widget-wrap elementor-element-populated\">\n                        \t\t<div class=\"elementor-element elementor-element-eb4930b elementor-widget elementor-widget-ct_heading\" data-id=\"eb4930b\" data-element_type=\"widget\" data-widget_type=\"ct_heading.default\">\n\t\t\t\t<div class=\"elementor-widget-container\">\n\t\t\t<div class=\"ct-heading ct-heading-dot h-align- \" data-wow-duration=\"1.2s\">\r\n\t\t\t<div class=\"item--sub-title style-default\">\r\n            <span>Seringue d&#039;AMIU<\/span>\r\n        <\/div>\r\n\t        <h4 class=\"item--title\">\r\n                    <i class=\"dot-shape\">\r\n                <i><\/i>\r\n                <i><\/i>\r\n                <i><\/i>\r\n                <i><\/i>\r\n                <i><\/i>\r\n                <i><\/i>\r\n            <\/i>\r\n                Dispositif m\u00e9dical pour des soins complet d'avortement et post avortement en toute s\u00e9curit\u00e9.     <\/h4>\r\n<\/div>\t\t<\/div>\n\t\t\t\t<\/div>\n\t\t\t\t<div class=\"elementor-element elementor-element-1440754 elementor-widget elementor-widget-ct_text_editor\" data-id=\"1440754\" data-element_type=\"widget\" data-widget_type=\"ct_text_editor.default\">\n\t\t\t\t<div class=\"elementor-widget-container\">\n\t\t\t<div id=\"ct_text_editor-1440754\" class=\"ct-text-editor \">\n\t<div class=\"ct-inline-css\"  data-css=\"\n        \">\n    <\/div>\n\t<div class=\"ct-text-editor elementor-clearfix\"><p>Le kit d\u2019Aspiration Manuelle Intra-Ut\u00e9rine (AMIU) est un dispositif m\u00e9dical de technologie moderne, utilis\u00e9 pour les soins apr\u00e8s avortement et leurs complications, dans la gestion des fausses couches et dans la biopsie de l\u2019endom\u00e8tre en toute s\u00e9curit\u00e9. Ce dispositif permet de pr\u00e9server la f\u00e9condit\u00e9 des femmes en \u00e9vitant certaines complications (h\u00e9morragie, infections, septic\u00e9mie, hypofertilit\u00e9, st\u00e9rilit\u00e9 etc.)\u00a0<\/p><\/div>\n<\/div>\t\t<\/div>\n\t\t\t\t<\/div>\n\t\t            <\/div>\n        <\/div>\n                <div class=\"elementor-column elementor-col-50 elementor-top-column elementor-element elementor-element-0ce8856\" data-id=\"0ce8856\" data-element_type=\"column\">\n            <div class=\"elementor-widget-wrap elementor-element-populated\">\n                        \t\t<div class=\"elementor-element elementor-element-c2b6ef0 elementor-widget elementor-widget-ct_image\" data-id=\"c2b6ef0\" data-element_type=\"widget\" data-widget_type=\"ct_image.default\">\n\t\t\t\t<div class=\"elementor-widget-container\">\n\t\t\t<div class=\"ct-image-single wow wobble\" data-wow-duration=\"1.2s\" data-wow-delay=\"ms\">\r\n                        <img decoding=\"async\" width=\"601\" height=\"400\" src=\"https:\/\/dkt-rdc.org\/wp-content\/uploads\/2021\/06\/mva.png\" class=\"attachment-full\" alt=\"\" \/>            <\/div>\t\t<\/div>\n\t\t\t\t<\/div>\n\t\t            <\/div>\n        <\/div>\n                            <\/div>\n        <\/section>\n                <section class=\"elementor-section elementor-top-section elementor-element elementor-element-c52fed3 elementor-section-stretched elementor-section-boxed elementor-section-height-default elementor-section-height-default\" data-id=\"c52fed3\" data-element_type=\"section\" data-settings=\"{&quot;stretch_section&quot;:&quot;section-stretched&quot;}\">\n            \n                        <div class=\"elementor-container elementor-column-gap-default \">\n                    <div class=\"elementor-column elementor-col-50 elementor-top-column elementor-element elementor-element-9bf7089\" data-id=\"9bf7089\" data-element_type=\"column\">\n            <div class=\"elementor-widget-wrap elementor-element-populated\">\n                        \t\t<div class=\"elementor-element elementor-element-b8a8c92 elementor-widget elementor-widget-ct_image\" data-id=\"b8a8c92\" data-element_type=\"widget\" data-widget_type=\"ct_image.default\">\n\t\t\t\t<div class=\"elementor-widget-container\">\n\t\t\t<div class=\"ct-image-single wow swing\" data-wow-duration=\"1.2s\" data-wow-delay=\"ms\">\r\n                        <img decoding=\"async\" width=\"1635\" height=\"1285\" src=\"https:\/\/dkt-rdc.org\/wp-content\/uploads\/2023\/11\/Mife-Care.png\" class=\"attachment-full\" alt=\"\" \/>            <\/div>\t\t<\/div>\n\t\t\t\t<\/div>\n\t\t            <\/div>\n        <\/div>\n                <div class=\"elementor-column elementor-col-50 elementor-top-column elementor-element elementor-element-7bde464\" data-id=\"7bde464\" data-element_type=\"column\">\n            <div class=\"elementor-widget-wrap elementor-element-populated\">\n                        \t\t<div class=\"elementor-element elementor-element-f93b083 elementor-widget elementor-widget-ct_heading\" data-id=\"f93b083\" data-element_type=\"widget\" data-widget_type=\"ct_heading.default\">\n\t\t\t\t<div class=\"elementor-widget-container\">\n\t\t\t<div class=\"ct-heading ct-heading-dot h-align- \" data-wow-duration=\"1.2s\">\r\n\t\t\t<div class=\"item--sub-title style-default\">\r\n            <span>MIFECARE<\/span>\r\n        <\/div>\r\n\t        <h4 class=\"item--title\">\r\n                    <i class=\"dot-shape\">\r\n                <i><\/i>\r\n                <i><\/i>\r\n                <i><\/i>\r\n                <i><\/i>\r\n                <i><\/i>\r\n                <i><\/i>\r\n            <\/i>\r\n                Une alternative efficace et s\u00fbre au curetage et autres techniques d'avortement \u00e0 risque.     <\/h4>\r\n<\/div>\t\t<\/div>\n\t\t\t\t<\/div>\n\t\t\t\t<div class=\"elementor-element elementor-element-446c123 elementor-widget elementor-widget-ct_text_editor\" data-id=\"446c123\" data-element_type=\"widget\" data-widget_type=\"ct_text_editor.default\">\n\t\t\t\t<div class=\"elementor-widget-container\">\n\t\t\t<div id=\"ct_text_editor-446c123\" class=\"ct-text-editor \">\n\t<div class=\"ct-inline-css\"  data-css=\"\n        \">\n    <\/div>\n\t<div class=\"ct-text-editor elementor-clearfix\"><p>Mifecare est un combipack contenant 1 comprim\u00e9 de mif\u00e9pristone 200 mg et 4 comprim\u00e9s de Misoprostol 200 mcg (total-800 mcg). Il s&#8217;agit d&#8217;un traitement recommand\u00e9 par l&#8217;Organisation mondiale de la sant\u00e9 (OMS) pour une \u00e9vacuation ut\u00e9rine compl\u00e8te sans intervention chirurgicale invasive.<\/p><\/div>\n<\/div>\t\t<\/div>\n\t\t\t\t<\/div>\n\t\t            <\/div>\n        <\/div>\n                            <\/div>\n        <\/section>\n        \t\t\t\t<\/div>\n\t\t\t\t\t<\/div>\n\t\t","protected":false},"excerpt":{"rendered":"<p>MISOCARE M\u00e9dicament essentiel en sant\u00e9 reproductive contre les h\u00e9morragies. Notre MISO 200 (Misoprostol 200 mcg) est un produit de haute qualit\u00e9 test\u00e9 et fiable, utilis\u00e9 dans la gestion des conditions obst\u00e9triques, gyn\u00e9cologiques et m\u00e9dicales. Ceux-ci incluent notamment les traitements des h\u00e9morragies post-partum (HPP), la pr\u00e9vention des HPP, les traitements de l\u2019\u0153uf clair, des myomectomies ainsi [&hellip;]<\/p>\n","protected":false},"author":1,"featured_media":0,"parent":3828,"menu_order":0,"comment_status":"closed","ping_status":"closed","template":"","meta":{"footnotes":""},"class_list":["post-3948","page","type-page","status-publish","hentry"],"_links":{"self":[{"href":"https:\/\/dkt-rdc.org\/index.php\/wp-json\/wp\/v2\/pages\/3948","targetHints":{"allow":["GET"]}}],"collection":[{"href":"https:\/\/dkt-rdc.org\/index.php\/wp-json\/wp\/v2\/pages"}],"about":[{"href":"https:\/\/dkt-rdc.org\/index.php\/wp-json\/wp\/v2\/types\/page"}],"author":[{"embeddable":true,"href":"https:\/\/dkt-rdc.org\/index.php\/wp-json\/wp\/v2\/users\/1"}],"replies":[{"embeddable":true,"href":"https:\/\/dkt-rdc.org\/index.php\/wp-json\/wp\/v2\/comments?post=3948"}],"version-history":[{"count":26,"href":"https:\/\/dkt-rdc.org\/index.php\/wp-json\/wp\/v2\/pages\/3948\/revisions"}],"predecessor-version":[{"id":6197,"href":"https:\/\/dkt-rdc.org\/index.php\/wp-json\/wp\/v2\/pages\/3948\/revisions\/6197"}],"up":[{"embeddable":true,"href":"https:\/\/dkt-rdc.org\/index.php\/wp-json\/wp\/v2\/pages\/3828"}],"wp:attachment":[{"href":"https:\/\/dkt-rdc.org\/index.php\/wp-json\/wp\/v2\/media?parent=3948"}],"curies":[{"name":"wp","href":"https:\/\/api.w.org\/{rel}","templated":true}]}}