{"id":3942,"date":"2021-06-28T12:03:51","date_gmt":"2021-06-28T11:03:51","guid":{"rendered":"http:\/\/test.dkt-rdc.org\/?page_id=3942"},"modified":"2021-08-05T10:40:44","modified_gmt":"2021-08-05T09:40:44","slug":"nos-implants","status":"publish","type":"page","link":"https:\/\/dkt-rdc.org\/index.php\/nos-produits\/nos-implants\/","title":{"rendered":"Nos implants"},"content":{"rendered":"\t\t<div data-elementor-type=\"wp-page\" data-elementor-id=\"3942\" class=\"elementor elementor-3942\" data-elementor-settings=\"[]\">\n\t\t\t\t\t\t\t<div class=\"elementor-section-wrap\">\n\t\t\t\t\t        <section class=\"elementor-section elementor-top-section elementor-element elementor-element-6568da3 elementor-section-stretched elementor-section-boxed elementor-section-height-default elementor-section-height-default\" data-id=\"6568da3\" data-element_type=\"section\" data-settings=\"{&quot;stretch_section&quot;:&quot;section-stretched&quot;}\">\n            \n                        <div class=\"elementor-container elementor-column-gap-default \">\n                    <div class=\"elementor-column elementor-col-50 elementor-top-column elementor-element elementor-element-536a7c3\" data-id=\"536a7c3\" data-element_type=\"column\">\n            <div class=\"elementor-widget-wrap elementor-element-populated\">\n                        \t\t<div class=\"elementor-element elementor-element-817e836 elementor-widget elementor-widget-ct_image\" data-id=\"817e836\" data-element_type=\"widget\" data-widget_type=\"ct_image.default\">\n\t\t\t\t<div class=\"elementor-widget-container\">\n\t\t\t<div class=\"ct-image-single wow rollIn\" data-wow-duration=\"1.2s\" data-wow-delay=\"ms\">\r\n                        <img decoding=\"async\" width=\"573\" height=\"400\" src=\"https:\/\/dkt-rdc.org\/wp-content\/uploads\/2021\/06\/jadelle.png\" class=\"attachment-full\" alt=\"\" \/>            <\/div>\t\t<\/div>\n\t\t\t\t<\/div>\n\t\t            <\/div>\n        <\/div>\n                <div class=\"elementor-column elementor-col-50 elementor-top-column elementor-element elementor-element-a3b09d2\" data-id=\"a3b09d2\" data-element_type=\"column\">\n            <div class=\"elementor-widget-wrap elementor-element-populated\">\n                        \t\t<div class=\"elementor-element elementor-element-d6a9cff elementor-widget elementor-widget-ct_heading\" data-id=\"d6a9cff\" data-element_type=\"widget\" data-widget_type=\"ct_heading.default\">\n\t\t\t\t<div class=\"elementor-widget-container\">\n\t\t\t<div class=\"ct-heading ct-heading-dot h-align- \" data-wow-duration=\"1.2s\">\r\n\t\t\t<div class=\"item--sub-title style-default\">\r\n            <span>JADELLE<\/span>\r\n        <\/div>\r\n\t        <h4 class=\"item--title\">\r\n                    <i class=\"dot-shape\">\r\n                <i><\/i>\r\n                <i><\/i>\r\n                <i><\/i>\r\n                <i><\/i>\r\n                <i><\/i>\r\n                <i><\/i>\r\n            <\/i>\r\n                5 ans de protection en un seul geste.     <\/h4>\r\n<\/div>\t\t<\/div>\n\t\t\t\t<\/div>\n\t\t\t\t<div class=\"elementor-element elementor-element-6cec559 elementor-widget elementor-widget-ct_text_editor\" data-id=\"6cec559\" data-element_type=\"widget\" data-widget_type=\"ct_text_editor.default\">\n\t\t\t\t<div class=\"elementor-widget-container\">\n\t\t\t<div id=\"ct_text_editor-6cec559\" class=\"ct-text-editor \">\n\t<div class=\"ct-inline-css\"  data-css=\"\n        \">\n    <\/div>\n\t<div class=\"ct-text-editor elementor-clearfix\"><p>Jadelle est un implant contraceptif \u00e0 2 b\u00e2tonnets, utilis\u00e9 pour pr\u00e9venir une grossesse en vous offrant jusqu\u2019\u00e0 5 ans de protection avec une efficacit\u00e9 de 99,9%.<\/p><p>Chaque implant contient une hormone f\u00e9minine synth\u00e9tique, le l\u00e9vonorgestrel, \u00e9galement l&#8217;un des ingr\u00e9dients actifs utilis\u00e9s dans de nombreux contraceptifs oraux, lib\u00e9r\u00e9 lentement dans le corps. Ins\u00e9r\u00e9, par un professionnel de sant\u00e9 qualifi\u00e9, sous la peau de votre bras le moins utilis\u00e9, il peut \u00e9galement \u00eatre retir\u00e9 \u00e0 tout moment pour retrouver votre fertilit\u00e9. \u00a0\u00a0<\/p><\/div>\n<\/div>\t\t<\/div>\n\t\t\t\t<\/div>\n\t\t            <\/div>\n        <\/div>\n                            <\/div>\n        <\/section>\n                <section class=\"elementor-section elementor-top-section elementor-element elementor-element-7bb4341 elementor-section-stretched elementor-section-boxed elementor-section-height-default elementor-section-height-default\" data-id=\"7bb4341\" data-element_type=\"section\" data-settings=\"{&quot;stretch_section&quot;:&quot;section-stretched&quot;,&quot;background_background&quot;:&quot;classic&quot;}\">\n            \n                        <div class=\"elementor-container elementor-column-gap-default \">\n                    <div class=\"elementor-column elementor-col-50 elementor-top-column elementor-element elementor-element-5aa8ee3\" data-id=\"5aa8ee3\" data-element_type=\"column\">\n            <div class=\"elementor-widget-wrap elementor-element-populated\">\n                        \t\t<div class=\"elementor-element elementor-element-209500b elementor-widget elementor-widget-ct_heading\" data-id=\"209500b\" data-element_type=\"widget\" data-widget_type=\"ct_heading.default\">\n\t\t\t\t<div class=\"elementor-widget-container\">\n\t\t\t<div class=\"ct-heading ct-heading-dot h-align- \" data-wow-duration=\"1.2s\">\r\n\t\t\t<div class=\"item--sub-title style-default\">\r\n            <span>IMPLANON NXT<\/span>\r\n        <\/div>\r\n\t        <h4 class=\"item--title\">\r\n                    <i class=\"dot-shape\">\r\n                <i><\/i>\r\n                <i><\/i>\r\n                <i><\/i>\r\n                <i><\/i>\r\n                <i><\/i>\r\n                <i><\/i>\r\n            <\/i>\r\n                Un seul b\u00e2tonnet pour 3 ans de protection continue sans soucis.    <\/h4>\r\n<\/div>\t\t<\/div>\n\t\t\t\t<\/div>\n\t\t\t\t<div class=\"elementor-element elementor-element-46a7fb8 elementor-widget elementor-widget-ct_text_editor\" data-id=\"46a7fb8\" data-element_type=\"widget\" data-widget_type=\"ct_text_editor.default\">\n\t\t\t\t<div class=\"elementor-widget-container\">\n\t\t\t<div id=\"ct_text_editor-46a7fb8\" class=\"ct-text-editor \">\n\t<div class=\"ct-inline-css\"  data-css=\"\n        \">\n    <\/div>\n\t<div class=\"ct-text-editor elementor-clearfix\"><p>Implanon NXT est un implant contraceptif \u00e0 1 b\u00e2tonnet pr\u00e9-charg\u00e9 dans un applicateur jetable. L&#8217;implant contient 68 mg de la substance active dite \u00e9tonogestrel. L\u2019\u00e9tonogestrel est une hormone f\u00e9minine synth\u00e9tique ressemblant \u00e0 la progest\u00e9rone. Une petite quantit\u00e9 de l&#8217;hormone \u00e9tonogestrel est continuellement lib\u00e9r\u00e9e dans la circulation sanguine. L\u2019Implanon NXT est ins\u00e9r\u00e9 sous la peu de votre bras le moins utilis\u00e9 par un professionnel de sant\u00e9 qualifi\u00e9 et vous offre une protection de 3 ans avec une efficacit\u00e9 de 99,9%. Il peut \u00e9galement \u00eatre retir\u00e9 \u00e0 tout moment pour retrouver votre fertilit\u00e9.\u00a0 \u00a0<\/p><\/div>\n<\/div>\t\t<\/div>\n\t\t\t\t<\/div>\n\t\t            <\/div>\n        <\/div>\n                <div class=\"elementor-column elementor-col-50 elementor-top-column elementor-element elementor-element-e05e938\" data-id=\"e05e938\" data-element_type=\"column\">\n            <div class=\"elementor-widget-wrap elementor-element-populated\">\n                        \t\t<div class=\"elementor-element elementor-element-9e3e42c elementor-widget elementor-widget-ct_image\" data-id=\"9e3e42c\" data-element_type=\"widget\" data-widget_type=\"ct_image.default\">\n\t\t\t\t<div class=\"elementor-widget-container\">\n\t\t\t<div class=\"ct-image-single \" data-wow-duration=\"1.2s\" data-wow-delay=\"ms\">\r\n                        <img decoding=\"async\" width=\"523\" height=\"400\" src=\"https:\/\/dkt-rdc.org\/wp-content\/uploads\/2021\/06\/nxt.png\" class=\"attachment-full\" alt=\"\" \/>            <\/div>\t\t<\/div>\n\t\t\t\t<\/div>\n\t\t            <\/div>\n        <\/div>\n                            <\/div>\n        <\/section>\n                <section class=\"elementor-section elementor-top-section elementor-element elementor-element-5c376c0 elementor-section-stretched elementor-section-boxed elementor-section-height-default elementor-section-height-default\" data-id=\"5c376c0\" data-element_type=\"section\" data-settings=\"{&quot;stretch_section&quot;:&quot;section-stretched&quot;}\">\n            \n                        <div class=\"elementor-container elementor-column-gap-default \">\n                    <div class=\"elementor-column elementor-col-50 elementor-top-column elementor-element elementor-element-c423926\" data-id=\"c423926\" data-element_type=\"column\">\n            <div class=\"elementor-widget-wrap elementor-element-populated\">\n                        \t\t<div class=\"elementor-element elementor-element-2afbf0e elementor-widget elementor-widget-ct_image\" data-id=\"2afbf0e\" data-element_type=\"widget\" data-widget_type=\"ct_image.default\">\n\t\t\t\t<div class=\"elementor-widget-container\">\n\t\t\t<div class=\"ct-image-single wow hinge\" data-wow-duration=\"1.2s\" data-wow-delay=\"ms\">\r\n                        <img decoding=\"async\" width=\"553\" height=\"400\" src=\"https:\/\/dkt-rdc.org\/wp-content\/uploads\/2021\/06\/levo.png\" class=\"attachment-full\" alt=\"\" \/>            <\/div>\t\t<\/div>\n\t\t\t\t<\/div>\n\t\t            <\/div>\n        <\/div>\n                <div class=\"elementor-column elementor-col-50 elementor-top-column elementor-element elementor-element-86ed6e3\" data-id=\"86ed6e3\" data-element_type=\"column\">\n            <div class=\"elementor-widget-wrap elementor-element-populated\">\n                        \t\t<div class=\"elementor-element elementor-element-a7ed7dc elementor-widget elementor-widget-ct_heading\" data-id=\"a7ed7dc\" data-element_type=\"widget\" data-widget_type=\"ct_heading.default\">\n\t\t\t\t<div class=\"elementor-widget-container\">\n\t\t\t<div class=\"ct-heading ct-heading-dot h-align- \" data-wow-duration=\"1.2s\">\r\n\t        <h4 class=\"item--title\">\r\n                    <i class=\"dot-shape\">\r\n                <i><\/i>\r\n                <i><\/i>\r\n                <i><\/i>\r\n                <i><\/i>\r\n                <i><\/i>\r\n                <i><\/i>\r\n            <\/i>\r\n                3 ans de repos avec Levoplant.     <\/h4>\r\n<\/div>\t\t<\/div>\n\t\t\t\t<\/div>\n\t\t\t\t<div class=\"elementor-element elementor-element-a333bcc elementor-widget elementor-widget-ct_text_editor\" data-id=\"a333bcc\" data-element_type=\"widget\" data-widget_type=\"ct_text_editor.default\">\n\t\t\t\t<div class=\"elementor-widget-container\">\n\t\t\t<div id=\"ct_text_editor-a333bcc\" class=\"ct-text-editor \">\n\t<div class=\"ct-inline-css\"  data-css=\"\n        \">\n    <\/div>\n\t<div class=\"ct-text-editor elementor-clearfix\"><p>Levoplant est un implant contraceptif \u00e0 2 b\u00e2tonnets de haute qualit\u00e9 recommand\u00e9 par l&#8217;OMS tout comme les deux types d\u2019implants pr\u00e9c\u00e9dents, efficace \u00e0 99,9% pour pr\u00e9venir une grossesse jusqu&#8217;\u00e0 3 ans. Chaque b\u00e2tonnet contient 75 mg de l\u00e9venorgestrel (150 mg au total) qui est lib\u00e9r\u00e9 lentement dans le corps. Il est ins\u00e9r\u00e9 sous la peau de la partie sup\u00e9rieure du bras le moins utilis\u00e9 par un professionnel de la sant\u00e9 qualifi\u00e9.<\/p><\/div>\n<\/div>\t\t<\/div>\n\t\t\t\t<\/div>\n\t\t            <\/div>\n        <\/div>\n                            <\/div>\n        <\/section>\n                <section class=\"elementor-section elementor-top-section elementor-element elementor-element-d88eee2 elementor-section-stretched elementor-section-boxed elementor-section-height-default elementor-section-height-default\" data-id=\"d88eee2\" data-element_type=\"section\" data-settings=\"{&quot;stretch_section&quot;:&quot;section-stretched&quot;,&quot;background_background&quot;:&quot;classic&quot;}\">\n            \n                        <div class=\"elementor-container elementor-column-gap-default \">\n                    <div class=\"elementor-column elementor-col-100 elementor-top-column elementor-element elementor-element-4f6bfbe\" data-id=\"4f6bfbe\" data-element_type=\"column\">\n            <div class=\"elementor-widget-wrap elementor-element-populated\">\n                        \t\t<div class=\"elementor-element elementor-element-5675e38 elementor-widget elementor-widget-ct_heading\" data-id=\"5675e38\" data-element_type=\"widget\" data-widget_type=\"ct_heading.default\">\n\t\t\t\t<div class=\"elementor-widget-container\">\n\t\t\t<div class=\"ct-heading ct-heading-dot h-align- \" data-wow-duration=\"1.2s\">\r\n\t        <h4 class=\"item--title\">\r\n                    <i class=\"dot-shape\">\r\n                <i><\/i>\r\n                <i><\/i>\r\n                <i><\/i>\r\n                <i><\/i>\r\n                <i><\/i>\r\n                <i><\/i>\r\n            <\/i>\r\n                L'implant, comment \u00e7a marche ?    <\/h4>\r\n<\/div>\t\t<\/div>\n\t\t\t\t<\/div>\n\t\t\t\t<div class=\"elementor-element elementor-element-902d531 elementor-aspect-ratio-169 elementor-widget elementor-widget-video\" data-id=\"902d531\" data-element_type=\"widget\" data-settings=\"{&quot;youtube_url&quot;:&quot;https:\\\/\\\/www.youtube.com\\\/watch?v=l3Ut6I8LDyg&quot;,&quot;video_type&quot;:&quot;youtube&quot;,&quot;controls&quot;:&quot;yes&quot;,&quot;aspect_ratio&quot;:&quot;169&quot;}\" data-widget_type=\"video.default\">\n\t\t\t\t<div class=\"elementor-widget-container\">\n\t\t\t\t\t<div class=\"elementor-wrapper elementor-fit-aspect-ratio elementor-open-inline\">\n\t\t\t<div class=\"elementor-video\"><\/div>\t\t<\/div>\n\t\t\t\t<\/div>\n\t\t\t\t<\/div>\n\t\t            <\/div>\n        <\/div>\n                            <\/div>\n        <\/section>\n        \t\t\t\t<\/div>\n\t\t\t\t\t<\/div>\n\t\t","protected":false},"excerpt":{"rendered":"<p>JADELLE 5 ans de protection en un seul geste. Jadelle est un implant contraceptif \u00e0 2 b\u00e2tonnets, utilis\u00e9 pour pr\u00e9venir une grossesse en vous offrant jusqu\u2019\u00e0 5 ans de protection avec une efficacit\u00e9 de 99,9%. Chaque implant contient une hormone f\u00e9minine synth\u00e9tique, le l\u00e9vonorgestrel, \u00e9galement l\u2019un des ingr\u00e9dients actifs utilis\u00e9s dans de nombreux contraceptifs oraux, [&hellip;]<\/p>\n","protected":false},"author":1,"featured_media":0,"parent":3828,"menu_order":0,"comment_status":"closed","ping_status":"closed","template":"","meta":{"footnotes":""},"class_list":["post-3942","page","type-page","status-publish","hentry"],"_links":{"self":[{"href":"https:\/\/dkt-rdc.org\/index.php\/wp-json\/wp\/v2\/pages\/3942","targetHints":{"allow":["GET"]}}],"collection":[{"href":"https:\/\/dkt-rdc.org\/index.php\/wp-json\/wp\/v2\/pages"}],"about":[{"href":"https:\/\/dkt-rdc.org\/index.php\/wp-json\/wp\/v2\/types\/page"}],"author":[{"embeddable":true,"href":"https:\/\/dkt-rdc.org\/index.php\/wp-json\/wp\/v2\/users\/1"}],"replies":[{"embeddable":true,"href":"https:\/\/dkt-rdc.org\/index.php\/wp-json\/wp\/v2\/comments?post=3942"}],"version-history":[{"count":17,"href":"https:\/\/dkt-rdc.org\/index.php\/wp-json\/wp\/v2\/pages\/3942\/revisions"}],"predecessor-version":[{"id":5327,"href":"https:\/\/dkt-rdc.org\/index.php\/wp-json\/wp\/v2\/pages\/3942\/revisions\/5327"}],"up":[{"embeddable":true,"href":"https:\/\/dkt-rdc.org\/index.php\/wp-json\/wp\/v2\/pages\/3828"}],"wp:attachment":[{"href":"https:\/\/dkt-rdc.org\/index.php\/wp-json\/wp\/v2\/media?parent=3942"}],"curies":[{"name":"wp","href":"https:\/\/api.w.org\/{rel}","templated":true}]}}