{"id":3815,"date":"2021-06-08T14:26:28","date_gmt":"2021-06-08T13:26:28","guid":{"rendered":"http:\/\/test.dkt-rdc.org\/?page_id=3815"},"modified":"2021-06-08T14:51:19","modified_gmt":"2021-06-08T13:51:19","slug":"us","status":"publish","type":"page","link":"https:\/\/dkt-rdc.org\/index.php\/us\/","title":{"rendered":"us"},"content":{"rendered":"\t\t<div data-elementor-type=\"wp-page\" data-elementor-id=\"3815\" class=\"elementor elementor-3815\" data-elementor-settings=\"[]\">\n\t\t\t\t\t\t\t<div class=\"elementor-section-wrap\">\n\t\t\t\t\t        <section class=\"elementor-section elementor-top-section elementor-element elementor-element-0c9d12e elementor-section-boxed elementor-section-height-default elementor-section-height-default\" data-id=\"0c9d12e\" data-element_type=\"section\" data-settings=\"{&quot;background_background&quot;:&quot;classic&quot;}\">\n            \n                        <div class=\"elementor-container elementor-column-gap-default \">\n                    <div class=\"elementor-column elementor-col-50 elementor-top-column elementor-element elementor-element-c2fcb79\" data-id=\"c2fcb79\" data-element_type=\"column\">\n            <div class=\"elementor-widget-wrap elementor-element-populated\">\n                        \t\t<div class=\"elementor-element elementor-element-fc3d762 elementor-widget elementor-widget-image\" data-id=\"fc3d762\" data-element_type=\"widget\" data-widget_type=\"image.default\">\n\t\t\t\t<div class=\"elementor-widget-container\">\n\t\t\t\t\t\t\t\t\t\t\t\t\t\t\t<img decoding=\"async\" width=\"475\" height=\"324\" src=\"https:\/\/dkt-rdc.org\/wp-content\/uploads\/2021\/06\/2_1.png\" class=\"attachment-large size-large\" alt=\"\" srcset=\"https:\/\/dkt-rdc.org\/wp-content\/uploads\/2021\/06\/2_1.png 475w, https:\/\/dkt-rdc.org\/wp-content\/uploads\/2021\/06\/2_1-300x205.png 300w\" sizes=\"(max-width: 475px) 100vw, 475px\" \/>\t\t\t\t\t\t\t\t\t\t\t\t\t\t\t<\/div>\n\t\t\t\t<\/div>\n\t\t\t\t<div class=\"elementor-element elementor-element-0cb5940 elementor-widget elementor-widget-ct_heading\" data-id=\"0cb5940\" data-element_type=\"widget\" data-widget_type=\"ct_heading.default\">\n\t\t\t\t<div class=\"elementor-widget-container\">\n\t\t\t<div class=\"ct-heading ct-heading-default h-align- \" data-wow-duration=\"1.2s\">\r\n\t        <h3 class=\"item--title\">\r\n                Notre vision    <\/h3>\r\n<\/div>\t\t<\/div>\n\t\t\t\t<\/div>\n\t\t\t\t<div class=\"elementor-element elementor-element-ad93995 elementor-widget elementor-widget-text-editor\" data-id=\"ad93995\" data-element_type=\"widget\" data-widget_type=\"text-editor.default\">\n\t\t\t\t<div class=\"elementor-widget-container\">\n\t\t\t\t\t\t\t\t<p><strong><span class=\"\">Rester le principal acteur du Marketing social dans le domaine de la sant\u00e9 de la reproduction en RDC, reconnu pour sa mani\u00e8re innovante et dynamique d&#8217;avoir un impact sur la sant\u00e9 des femmes et des hommes.<\/span><\/strong><\/p>\t\t\t\t\t\t<\/div>\n\t\t\t\t<\/div>\n\t\t            <\/div>\n        <\/div>\n                <div class=\"elementor-column elementor-col-50 elementor-top-column elementor-element elementor-element-70934f7\" data-id=\"70934f7\" data-element_type=\"column\">\n            <div class=\"elementor-widget-wrap elementor-element-populated\">\n                        \t\t<div class=\"elementor-element elementor-element-ef1d22c elementor-widget elementor-widget-ct_image\" data-id=\"ef1d22c\" data-element_type=\"widget\" data-widget_type=\"ct_image.default\">\n\t\t\t\t<div class=\"elementor-widget-container\">\n\t\t\t<div class=\"ct-image-single \" data-wow-duration=\"1.2s\" data-wow-delay=\"ms\">\r\n                        <img decoding=\"async\" width=\"476\" height=\"324\" src=\"https:\/\/dkt-rdc.org\/wp-content\/uploads\/2021\/06\/1_1.png\" class=\"attachment-full\" alt=\"\" \/>            <\/div>\t\t<\/div>\n\t\t\t\t<\/div>\n\t\t\t\t<div class=\"elementor-element elementor-element-528fd48 elementor-widget elementor-widget-ct_heading\" data-id=\"528fd48\" data-element_type=\"widget\" data-widget_type=\"ct_heading.default\">\n\t\t\t\t<div class=\"elementor-widget-container\">\n\t\t\t<div class=\"ct-heading ct-heading-default h-align- \" data-wow-duration=\"1.2s\">\r\n\t        <h3 class=\"item--title\">\r\n                Notre Mission    <\/h3>\r\n<\/div>\t\t<\/div>\n\t\t\t\t<\/div>\n\t\t\t\t<div class=\"elementor-element elementor-element-3e55efb elementor-widget elementor-widget-ct_text_editor\" data-id=\"3e55efb\" data-element_type=\"widget\" data-widget_type=\"ct_text_editor.default\">\n\t\t\t\t<div class=\"elementor-widget-container\">\n\t\t\t<div id=\"ct_text_editor-3e55efb\" class=\"ct-text-editor \">\n\t<div class=\"ct-inline-css\"  data-css=\"\n        \">\n    <\/div>\n\t<div class=\"ct-text-editor elementor-clearfix\"><div class=\"\"><strong>Nous allons jusqu\u2019au dernier kilom\u00e8tre pour:<\/strong><\/div><div class=\"\"><ul class=\"MailOutline\"><li class=\"\"><strong>Offrir aux couples des informations en mati\u00e8re d\u2019\u00e9ducation\u00a0<span class=\"\">sexuelle, offrir des options modernes, abordables et s\u00fbres pour le planning familial, les soins apr\u00e8s avortement et la pr\u00e9vention des IST et du VIH par le biais de prestataires communautaires et cliniques.<\/span><\/strong><\/li><li class=\"\"><strong><span class=\"\">Apporter des formations de qualit\u00e9 pour les prestataires de sant\u00e9<\/span><\/strong><\/li><\/ul><\/div><\/div>\n<\/div>\t\t<\/div>\n\t\t\t\t<\/div>\n\t\t            <\/div>\n        <\/div>\n                            <\/div>\n        <\/section>\n        \t\t\t\t<\/div>\n\t\t\t\t\t<\/div>\n\t\t","protected":false},"excerpt":{"rendered":"<p>Notre vision Rester le principal acteur du Marketing social dans le domaine de la sant\u00e9 de la reproduction en RDC, reconnu pour sa mani\u00e8re innovante et dynamique d&#8217;avoir un impact sur la sant\u00e9 des femmes et des hommes. Notre Mission Nous allons jusqu\u2019au dernier kilom\u00e8tre pour: Offrir aux couples des informations en mati\u00e8re d\u2019\u00e9ducation\u00a0sexuelle, offrir [&hellip;]<\/p>\n","protected":false},"author":1,"featured_media":0,"parent":0,"menu_order":0,"comment_status":"closed","ping_status":"closed","template":"","meta":{"footnotes":""},"class_list":["post-3815","page","type-page","status-publish","hentry"],"_links":{"self":[{"href":"https:\/\/dkt-rdc.org\/index.php\/wp-json\/wp\/v2\/pages\/3815","targetHints":{"allow":["GET"]}}],"collection":[{"href":"https:\/\/dkt-rdc.org\/index.php\/wp-json\/wp\/v2\/pages"}],"about":[{"href":"https:\/\/dkt-rdc.org\/index.php\/wp-json\/wp\/v2\/types\/page"}],"author":[{"embeddable":true,"href":"https:\/\/dkt-rdc.org\/index.php\/wp-json\/wp\/v2\/users\/1"}],"replies":[{"embeddable":true,"href":"https:\/\/dkt-rdc.org\/index.php\/wp-json\/wp\/v2\/comments?post=3815"}],"version-history":[{"count":4,"href":"https:\/\/dkt-rdc.org\/index.php\/wp-json\/wp\/v2\/pages\/3815\/revisions"}],"predecessor-version":[{"id":3823,"href":"https:\/\/dkt-rdc.org\/index.php\/wp-json\/wp\/v2\/pages\/3815\/revisions\/3823"}],"wp:attachment":[{"href":"https:\/\/dkt-rdc.org\/index.php\/wp-json\/wp\/v2\/media?parent=3815"}],"curies":[{"name":"wp","href":"https:\/\/api.w.org\/{rel}","templated":true}]}}