{"id":2799,"date":"2020-03-19T14:47:49","date_gmt":"2020-03-19T14:47:49","guid":{"rendered":"https:\/\/demo.casethemes.net\/alico\/?page_id=2799"},"modified":"2022-10-12T11:36:30","modified_gmt":"2022-10-12T10:36:30","slug":"nos-activites","status":"publish","type":"page","link":"https:\/\/dkt-rdc.org\/index.php\/nos-activites\/","title":{"rendered":"Nos activit\u00e9s"},"content":{"rendered":"\t\t<div data-elementor-type=\"wp-page\" data-elementor-id=\"2799\" class=\"elementor elementor-2799\" data-elementor-settings=\"[]\">\n\t\t\t\t\t\t\t<div class=\"elementor-section-wrap\">\n\t\t\t\t\t        <section class=\"elementor-section elementor-top-section elementor-element elementor-element-38356494 elementor-section-boxed elementor-section-height-default elementor-section-height-default\" data-id=\"38356494\" data-element_type=\"section\">\n            \n                        <div class=\"elementor-container elementor-column-gap-extended \">\n                    <div class=\"elementor-column elementor-col-100 elementor-top-column elementor-element elementor-element-4f4ad4b5\" data-id=\"4f4ad4b5\" data-element_type=\"column\">\n            <div class=\"elementor-widget-wrap elementor-element-populated\">\n                        \t\t<div class=\"elementor-element elementor-element-1913affb elementor-widget elementor-widget-ct_blog_grid\" data-id=\"1913affb\" data-element_type=\"widget\" data-widget_type=\"ct_blog_grid.default\">\n\t\t\t\t<div class=\"elementor-widget-container\">\n\t\t\t\r\n<div id=\"ct_blog_grid-1913affb\" class=\"ct-grid ct-blog-grid ct-blog-grid-layout1\" data-layout=\"masonry\" data-start-page=\"1\" data-max-pages=\"8\" data-total=\"45\" data-perpage=\"6\" data-next-link=\"https:\/\/dkt-rdc.org\/index.php\/wp-json\/wp\/v2\/pages\/2799\/page\/2\/\">\r\n    <div class=\"ct-grid-overlay\"><\/div>\r\n    \r\n    <div class=\"ct-grid-inner ct-grid-masonry row animate-time\" data-gutter=\"15\">\r\n                    <div class=\"grid-sizer col-xl-4 col-lg-4 col-md-6 col-sm-6 col-12\"><\/div>\r\n                                <div class=\"grid-item col-xl-4 col-lg-4 col-md-6 col-sm-6 col-12 \">\r\n                    <div class=\"grid-item-inner \" data-wow-duration=\"1.2s\">\r\n                                                    <div class=\"entry-featured\">\r\n                                <a href=\"https:\/\/dkt-rdc.org\/index.php\/2025\/09\/25\/rdc-dkt-lance-la-campagne-ok-condoms-pika-pende-centree-sur-les-besoins-et-attentes-des-consommateurs\/\"><img decoding=\"async\" class=\"\" src=\"https:\/\/dkt-rdc.org\/wp-content\/uploads\/2025\/09\/Visuel-Article-Ok-600x414.jpg\" width=\"600\" height=\"414\" alt=\"Visuel Article Ok\" title=\"Visuel Article Ok\" \/><\/a>\r\n                            <\/div>\r\n                                                <div class=\"entry-body\">\r\n                            <div class=\"entry-holder\">\r\n                                                                    <ul class=\"entry-meta\">\r\n                                                                                    <li class=\"item-date\"><i class=\"fac fac-calendar-alt\"><\/i>septembre 25, 2025<\/li>\r\n                                                                                                                            <li class=\"item-author\">\r\n                                                <a href=\"https:\/\/dkt-rdc.org\/index.php\/author\/gerry\/\"><i class=\"fac fac-user\"><\/i>DKT Redaction<\/a><\/li>\r\n                                                                            <\/ul>\r\n                                                                <h3 class=\"entry-title\"><a href=\"https:\/\/dkt-rdc.org\/index.php\/2025\/09\/25\/rdc-dkt-lance-la-campagne-ok-condoms-pika-pende-centree-sur-les-besoins-et-attentes-des-consommateurs\/\">RDC : DKT lance la campagne OK Condoms &#8220;PIKA PENDE&#8221; centr\u00e9e sur les besoins et attentes des consommateurs<\/a><\/h3>\r\n                                                                    <div class=\"entry-readmore\">\r\n                                        <a href=\"https:\/\/dkt-rdc.org\/index.php\/2025\/09\/25\/rdc-dkt-lance-la-campagne-ok-condoms-pika-pende-centree-sur-les-besoins-et-attentes-des-consommateurs\/\">\r\n                                            Read more                                            <i class=\"fac fac-angle-double-right space-left\"><\/i>\r\n                                        <\/a>\r\n                                    <\/div>\r\n                                                            <\/div>\r\n                        <\/div>\r\n                    <\/div>\r\n                <\/div>\r\n                            <div class=\"grid-item col-xl-4 col-lg-4 col-md-6 col-sm-6 col-12 \">\r\n                    <div class=\"grid-item-inner \" data-wow-duration=\"1.2s\">\r\n                                                    <div class=\"entry-featured\">\r\n                                <a href=\"https:\/\/dkt-rdc.org\/index.php\/2025\/09\/25\/rdc-dkt-lance-aleze-mere-boss-une-campagne-pour-redonner-aux-femmes-le-pouvoir-du-choix\/\"><img decoding=\"async\" class=\"\" src=\"https:\/\/dkt-rdc.org\/wp-content\/uploads\/2025\/09\/visuel-article-Aleze-600x414.jpg\" width=\"600\" height=\"414\" alt=\"visuel article Aleze\" title=\"visuel article Aleze\" \/><\/a>\r\n                            <\/div>\r\n                                                <div class=\"entry-body\">\r\n                            <div class=\"entry-holder\">\r\n                                                                    <ul class=\"entry-meta\">\r\n                                                                                    <li class=\"item-date\"><i class=\"fac fac-calendar-alt\"><\/i>septembre 25, 2025<\/li>\r\n                                                                                                                            <li class=\"item-author\">\r\n                                                <a href=\"https:\/\/dkt-rdc.org\/index.php\/author\/gerry\/\"><i class=\"fac fac-user\"><\/i>DKT Redaction<\/a><\/li>\r\n                                                                            <\/ul>\r\n                                                                <h3 class=\"entry-title\"><a href=\"https:\/\/dkt-rdc.org\/index.php\/2025\/09\/25\/rdc-dkt-lance-aleze-mere-boss-une-campagne-pour-redonner-aux-femmes-le-pouvoir-du-choix\/\">RDC : DKT lance \u00ab Aleze M\u00e8re Boss \u00bb, une campagne pour redonner aux femmes le pouvoir du choix<\/a><\/h3>\r\n                                                                    <div class=\"entry-readmore\">\r\n                                        <a href=\"https:\/\/dkt-rdc.org\/index.php\/2025\/09\/25\/rdc-dkt-lance-aleze-mere-boss-une-campagne-pour-redonner-aux-femmes-le-pouvoir-du-choix\/\">\r\n                                            Read more                                            <i class=\"fac fac-angle-double-right space-left\"><\/i>\r\n                                        <\/a>\r\n                                    <\/div>\r\n                                                            <\/div>\r\n                        <\/div>\r\n                    <\/div>\r\n                <\/div>\r\n                            <div class=\"grid-item col-xl-4 col-lg-4 col-md-6 col-sm-6 col-12 \">\r\n                    <div class=\"grid-item-inner \" data-wow-duration=\"1.2s\">\r\n                                                    <div class=\"entry-featured\">\r\n                                <a href=\"https:\/\/dkt-rdc.org\/index.php\/2025\/06\/19\/un-hommage-merite-deux-piliers-de-dkt-rdc-prennent-leur-retraite\/\"><img decoding=\"async\" class=\"\" src=\"https:\/\/dkt-rdc.org\/wp-content\/uploads\/2025\/06\/PDF8281-scaled-600x414.jpg\" width=\"600\" height=\"414\" alt=\"_PDF8281\" title=\"_PDF8281\" \/><\/a>\r\n                            <\/div>\r\n                                                <div class=\"entry-body\">\r\n                            <div class=\"entry-holder\">\r\n                                                                    <ul class=\"entry-meta\">\r\n                                                                                    <li class=\"item-date\"><i class=\"fac fac-calendar-alt\"><\/i>juin 19, 2025<\/li>\r\n                                                                                                                            <li class=\"item-author\">\r\n                                                <a href=\"https:\/\/dkt-rdc.org\/index.php\/author\/gerry\/\"><i class=\"fac fac-user\"><\/i>DKT Redaction<\/a><\/li>\r\n                                                                            <\/ul>\r\n                                                                <h3 class=\"entry-title\"><a href=\"https:\/\/dkt-rdc.org\/index.php\/2025\/06\/19\/un-hommage-merite-deux-piliers-de-dkt-rdc-prennent-leur-retraite\/\">Un hommage m\u00e9rit\u00e9 : deux piliers de DKT RDC prennent leur retraite<\/a><\/h3>\r\n                                                                    <div class=\"entry-readmore\">\r\n                                        <a href=\"https:\/\/dkt-rdc.org\/index.php\/2025\/06\/19\/un-hommage-merite-deux-piliers-de-dkt-rdc-prennent-leur-retraite\/\">\r\n                                            Read more                                            <i class=\"fac fac-angle-double-right space-left\"><\/i>\r\n                                        <\/a>\r\n                                    <\/div>\r\n                                                            <\/div>\r\n                        <\/div>\r\n                    <\/div>\r\n                <\/div>\r\n                            <div class=\"grid-item col-xl-4 col-lg-4 col-md-6 col-sm-6 col-12 \">\r\n                    <div class=\"grid-item-inner \" data-wow-duration=\"1.2s\">\r\n                                                    <div class=\"entry-featured\">\r\n                                <a href=\"https:\/\/dkt-rdc.org\/index.php\/2025\/01\/09\/dkt-rdc-extension-de-la-subvention-sida-pour-renforcer-les-capacites-durables-en-sante-sexuelle-et-reproductive-dans-le-nord-est-de-la-rdc\/\"><img decoding=\"async\" class=\"\" src=\"https:\/\/dkt-rdc.org\/wp-content\/uploads\/2025\/01\/Design-sans-titre-600x414.jpg\" width=\"600\" height=\"414\" alt=\"Design sans titre\" title=\"Design sans titre\" \/><\/a>\r\n                            <\/div>\r\n                                                <div class=\"entry-body\">\r\n                            <div class=\"entry-holder\">\r\n                                                                    <ul class=\"entry-meta\">\r\n                                                                                    <li class=\"item-date\"><i class=\"fac fac-calendar-alt\"><\/i>janvier 9, 2025<\/li>\r\n                                                                                                                            <li class=\"item-author\">\r\n                                                <a href=\"https:\/\/dkt-rdc.org\/index.php\/author\/gerry\/\"><i class=\"fac fac-user\"><\/i>DKT Redaction<\/a><\/li>\r\n                                                                            <\/ul>\r\n                                                                <h3 class=\"entry-title\"><a href=\"https:\/\/dkt-rdc.org\/index.php\/2025\/01\/09\/dkt-rdc-extension-de-la-subvention-sida-pour-renforcer-les-capacites-durables-en-sante-sexuelle-et-reproductive-dans-le-nord-est-de-la-rdc\/\">DKT RDC : Extension de la subvention SIDA pour renforcer les capacit\u00e9s durables en sant\u00e9 sexuelle et reproductive dans le nord-est de la RDC<\/a><\/h3>\r\n                                                                    <div class=\"entry-readmore\">\r\n                                        <a href=\"https:\/\/dkt-rdc.org\/index.php\/2025\/01\/09\/dkt-rdc-extension-de-la-subvention-sida-pour-renforcer-les-capacites-durables-en-sante-sexuelle-et-reproductive-dans-le-nord-est-de-la-rdc\/\">\r\n                                            Read more                                            <i class=\"fac fac-angle-double-right space-left\"><\/i>\r\n                                        <\/a>\r\n                                    <\/div>\r\n                                                            <\/div>\r\n                        <\/div>\r\n                    <\/div>\r\n                <\/div>\r\n                            <div class=\"grid-item col-xl-4 col-lg-4 col-md-6 col-sm-6 col-12 \">\r\n                    <div class=\"grid-item-inner \" data-wow-duration=\"1.2s\">\r\n                                                    <div class=\"entry-featured\">\r\n                                <a href=\"https:\/\/dkt-rdc.org\/index.php\/2024\/11\/12\/dkt-drc-renforce-son-programme-de-sante-reproductive-grace-aux-subventions-du-fonds-dopportunite-catalytique-cof\/\"><img decoding=\"async\" class=\"\" src=\"https:\/\/dkt-rdc.org\/wp-content\/uploads\/2024\/11\/Design-sans-titre-2-600x414.png\" width=\"600\" height=\"414\" alt=\"Design sans titre (2)\" title=\"Design sans titre (2)\" \/><\/a>\r\n                            <\/div>\r\n                                                <div class=\"entry-body\">\r\n                            <div class=\"entry-holder\">\r\n                                                                    <ul class=\"entry-meta\">\r\n                                                                                    <li class=\"item-date\"><i class=\"fac fac-calendar-alt\"><\/i>novembre 12, 2024<\/li>\r\n                                                                                                                            <li class=\"item-author\">\r\n                                                <a href=\"https:\/\/dkt-rdc.org\/index.php\/author\/gerry\/\"><i class=\"fac fac-user\"><\/i>DKT Redaction<\/a><\/li>\r\n                                                                            <\/ul>\r\n                                                                <h3 class=\"entry-title\"><a href=\"https:\/\/dkt-rdc.org\/index.php\/2024\/11\/12\/dkt-drc-renforce-son-programme-de-sante-reproductive-grace-aux-subventions-du-fonds-dopportunite-catalytique-cof\/\">DKT DRC Renforce son Programme de Sant\u00e9 Reproductive gr\u00e2ce aux Subventions du Fonds d&#8217;Opportunit\u00e9 Catalytique (COF)<\/a><\/h3>\r\n                                                                    <div class=\"entry-readmore\">\r\n                                        <a href=\"https:\/\/dkt-rdc.org\/index.php\/2024\/11\/12\/dkt-drc-renforce-son-programme-de-sante-reproductive-grace-aux-subventions-du-fonds-dopportunite-catalytique-cof\/\">\r\n                                            Read more                                            <i class=\"fac fac-angle-double-right space-left\"><\/i>\r\n                                        <\/a>\r\n                                    <\/div>\r\n                                                            <\/div>\r\n                        <\/div>\r\n                    <\/div>\r\n                <\/div>\r\n                            <div class=\"grid-item col-xl-4 col-lg-4 col-md-6 col-sm-6 col-12 \">\r\n                    <div class=\"grid-item-inner \" data-wow-duration=\"1.2s\">\r\n                                                    <div class=\"entry-featured\">\r\n                                <a href=\"https:\/\/dkt-rdc.org\/index.php\/2024\/10\/15\/limplant-contraceptif-une-methode-fiable-et-durable-pour-la-contraception\/\"><img decoding=\"async\" class=\"\" src=\"https:\/\/dkt-rdc.org\/wp-content\/uploads\/2024\/10\/WhatsApp-Image-2024-10-01-at-11.38.55-600x414.jpeg\" width=\"600\" height=\"414\" alt=\"WhatsApp Image 2024-10-01 at 11.38.55\" title=\"WhatsApp Image 2024-10-01 at 11.38.55\" \/><\/a>\r\n                            <\/div>\r\n                                                <div class=\"entry-body\">\r\n                            <div class=\"entry-holder\">\r\n                                                                    <ul class=\"entry-meta\">\r\n                                                                                    <li class=\"item-date\"><i class=\"fac fac-calendar-alt\"><\/i>octobre 15, 2024<\/li>\r\n                                                                                                                            <li class=\"item-author\">\r\n                                                <a href=\"https:\/\/dkt-rdc.org\/index.php\/author\/gerry\/\"><i class=\"fac fac-user\"><\/i>DKT Redaction<\/a><\/li>\r\n                                                                            <\/ul>\r\n                                                                <h3 class=\"entry-title\"><a href=\"https:\/\/dkt-rdc.org\/index.php\/2024\/10\/15\/limplant-contraceptif-une-methode-fiable-et-durable-pour-la-contraception\/\">L&#8217;implant contraceptif : Une m\u00e9thode fiable et durable pour la contraception<\/a><\/h3>\r\n                                                                    <div class=\"entry-readmore\">\r\n                                        <a href=\"https:\/\/dkt-rdc.org\/index.php\/2024\/10\/15\/limplant-contraceptif-une-methode-fiable-et-durable-pour-la-contraception\/\">\r\n                                            Read more                                            <i class=\"fac fac-angle-double-right space-left\"><\/i>\r\n                                        <\/a>\r\n                                    <\/div>\r\n                                                            <\/div>\r\n                        <\/div>\r\n                    <\/div>\r\n                <\/div>\r\n                <\/div>\r\n            <div class=\"ct-grid-pagination\" data-loadmore=\"{&quot;startPage&quot;:1,&quot;maxPages&quot;:8,&quot;total&quot;:45,&quot;perpage&quot;:&quot;6&quot;,&quot;nextLink&quot;:&quot;https:\\\/\\\/dkt-rdc.org\\\/index.php\\\/wp-json\\\/wp\\\/v2\\\/pages\\\/2799\\\/page\\\/2\\\/&quot;,&quot;source&quot;:&quot;&quot;,&quot;orderby&quot;:&quot;date&quot;,&quot;order&quot;:&quot;desc&quot;,&quot;limit&quot;:&quot;6&quot;,&quot;post_ids&quot;:&quot;&quot;,&quot;col_xl&quot;:4,&quot;col_lg&quot;:4,&quot;col_md&quot;:6,&quot;col_sm&quot;:6,&quot;col_xs&quot;:12,&quot;thumbnail_size&quot;:&quot;custom&quot;,&quot;thumbnail_custom_dimension&quot;:{&quot;width&quot;:&quot;&quot;,&quot;height&quot;:&quot;&quot;},&quot;pagination_type&quot;:&quot;pagination&quot;,&quot;show_author&quot;:&quot;true&quot;,&quot;show_date&quot;:&quot;true&quot;,&quot;show_button&quot;:&quot;true&quot;,&quot;button_text&quot;:&quot;&quot;,&quot;ct_animate&quot;:&quot;&quot;,&quot;template_type&quot;:&quot;post_grid_layout1&quot;,&quot;tax&quot;:[]}\" data-query=\"{&quot;post_type&quot;:&quot;post&quot;,&quot;posts_per_page&quot;:6,&quot;order&quot;:&quot;desc&quot;,&quot;orderby&quot;:&quot;date&quot;,&quot;tax_query&quot;:{&quot;relation&quot;:&quot;OR&quot;},&quot;post__not_in&quot;:[2799]}\">\r\n                <nav class=\"navigation posts-pagination ajax\">\r\n        <div class=\"posts-page-links\">\r\n            <span aria-current=\"page\" class=\"page-numbers current\">1<\/span>\n<a class=\"page-numbers\" href=\"#2\">2<\/a>\n<span class=\"page-numbers dots\">\u2026<\/span>\n<a class=\"page-numbers\" href=\"#8\">8<\/a>\n<a class=\"next page-numbers\" href=\"#2\"><i class=\"far fac-angle-right\"><\/i><\/a>        <\/div>\r\n    <\/nav>\r\n            <\/div>\r\n        <\/div>\t\t<\/div>\n\t\t\t\t<\/div>\n\t\t            <\/div>\n        <\/div>\n                            <\/div>\n        <\/section>\n        \t\t\t\t<\/div>\n\t\t\t\t\t<\/div>\n\t\t","protected":false},"excerpt":{"rendered":"<p>ao\u00fbt 31, 2022 DKT Redaction Enceinte de son oncle ! &#8220;Je ne peux pas garder cette grossesse&#8221; Read more janvier 25, 2022 DKT Redaction Comment prendre la pilule ? (Aleze 1, Aleze 28 &#038; Aleze PLUS) Read more janvier 25, 2022 DKT Redaction La pilule Aleze change d&#8217;emballage Read more janvier 24, 2022 DKT Redaction [&hellip;]<\/p>\n","protected":false},"author":1,"featured_media":0,"parent":0,"menu_order":0,"comment_status":"closed","ping_status":"closed","template":"","meta":{"footnotes":""},"class_list":["post-2799","page","type-page","status-publish","hentry"],"_links":{"self":[{"href":"https:\/\/dkt-rdc.org\/index.php\/wp-json\/wp\/v2\/pages\/2799","targetHints":{"allow":["GET"]}}],"collection":[{"href":"https:\/\/dkt-rdc.org\/index.php\/wp-json\/wp\/v2\/pages"}],"about":[{"href":"https:\/\/dkt-rdc.org\/index.php\/wp-json\/wp\/v2\/types\/page"}],"author":[{"embeddable":true,"href":"https:\/\/dkt-rdc.org\/index.php\/wp-json\/wp\/v2\/users\/1"}],"replies":[{"embeddable":true,"href":"https:\/\/dkt-rdc.org\/index.php\/wp-json\/wp\/v2\/comments?post=2799"}],"version-history":[{"count":4,"href":"https:\/\/dkt-rdc.org\/index.php\/wp-json\/wp\/v2\/pages\/2799\/revisions"}],"predecessor-version":[{"id":5622,"href":"https:\/\/dkt-rdc.org\/index.php\/wp-json\/wp\/v2\/pages\/2799\/revisions\/5622"}],"wp:attachment":[{"href":"https:\/\/dkt-rdc.org\/index.php\/wp-json\/wp\/v2\/media?parent=2799"}],"curies":[{"name":"wp","href":"https:\/\/api.w.org\/{rel}","templated":true}]}}