{"id":213,"date":"2020-03-04T11:25:31","date_gmt":"2020-03-04T11:25:31","guid":{"rendered":"https:\/\/demo.casethemes.net\/alico\/?page_id=213"},"modified":"2025-10-23T17:28:56","modified_gmt":"2025-10-23T16:28:56","slug":"our-team","status":"publish","type":"page","link":"https:\/\/dkt-rdc.org\/index.php\/our-team\/","title":{"rendered":"Our Team"},"content":{"rendered":"\t\t<div data-elementor-type=\"wp-page\" data-elementor-id=\"213\" class=\"elementor elementor-213\" data-elementor-settings=\"[]\">\n\t\t\t\t\t\t\t<div class=\"elementor-section-wrap\">\n\t\t\t\t\t        <section class=\"elementor-section elementor-inner-section elementor-element elementor-element-73adc3da elementor-section-content-middle elementor-section-boxed elementor-section-height-default elementor-section-height-default\" data-id=\"73adc3da\" data-element_type=\"section\">\n            \n                        <div class=\"elementor-container elementor-column-gap-extended \">\n                    <div class=\"elementor-column elementor-col-50 elementor-inner-column elementor-element elementor-element-7b31f1b6\" data-id=\"7b31f1b6\" data-element_type=\"column\">\n            <div class=\"elementor-widget-wrap elementor-element-populated\">\n                        \t\t<div class=\"elementor-element elementor-element-6633df38 elementor-widget elementor-widget-ct_heading\" data-id=\"6633df38\" data-element_type=\"widget\" data-widget_type=\"ct_heading.default\">\n\t\t\t\t<div class=\"elementor-widget-container\">\n\t\t\t<div class=\"ct-heading ct-heading-dot h-align- \" data-wow-duration=\"1.2s\">\r\n\t\t\t<div class=\"item--sub-title style-default\">\r\n            <span>Leadership Team<\/span>\r\n        <\/div>\r\n\t        <h3 class=\"item--title\">\r\n                    <i class=\"dot-shape\">\r\n                <i><\/i>\r\n                <i><\/i>\r\n                <i><\/i>\r\n                <i><\/i>\r\n                <i><\/i>\r\n                <i><\/i>\r\n            <\/i>\r\n                Notre \u00e9quipe dirigeante    <\/h3>\r\n<\/div>\t\t<\/div>\n\t\t\t\t<\/div>\n\t\t            <\/div>\n        <\/div>\n                <div class=\"elementor-column elementor-col-50 elementor-inner-column elementor-element elementor-element-47c2d4ef\" data-id=\"47c2d4ef\" data-element_type=\"column\">\n            <div class=\"elementor-widget-wrap elementor-element-populated\">\n                        \t\t<div class=\"elementor-element elementor-element-25e20242 elementor-widget elementor-widget-ct_text_editor\" data-id=\"25e20242\" data-element_type=\"widget\" data-widget_type=\"ct_text_editor.default\">\n\t\t\t\t<div class=\"elementor-widget-container\">\n\t\t\t<div id=\"ct_text_editor-25e20242\" class=\"ct-text-editor \">\n\t<div class=\"ct-inline-css\"  data-css=\"\n        \">\n    <\/div>\n\t<div class=\"ct-text-editor elementor-clearfix\"><p>Notre \u00e9quipe dirigeante incarne la vision de DKT : un monde o\u00f9 chaque enfant est d\u00e9sir\u00e9, o\u00f9 le sexe est \u00e9panouissant et o\u00f9 chacun est libre de ses choix. Guid\u00e9s par cette mission, nos leaders mettent leur expertise, leur passion et leur engagement au service de l\u2019innovation et de l\u2019impact, afin d\u2019\u00e9largir l\u2019acc\u00e8s \u00e0 la sant\u00e9 sexuelle et reproductive pour toutes et tous.<\/p><\/div>\n<\/div>\t\t<\/div>\n\t\t\t\t<\/div>\n\t\t            <\/div>\n        <\/div>\n                            <\/div>\n        <\/section>\n                <section class=\"elementor-section elementor-top-section elementor-element elementor-element-cc6bdf3 elementor-section-boxed elementor-section-height-default elementor-section-height-default\" data-id=\"cc6bdf3\" data-element_type=\"section\">\n            \n                        <div class=\"elementor-container elementor-column-gap-extended \">\n                    <div class=\"elementor-column elementor-col-100 elementor-top-column elementor-element elementor-element-9be88ee\" data-id=\"9be88ee\" data-element_type=\"column\">\n            <div class=\"elementor-widget-wrap elementor-element-populated\">\n                        \t\t<div class=\"elementor-element elementor-element-4597020 elementor-widget elementor-widget-ct_team_grid\" data-id=\"4597020\" data-element_type=\"widget\" data-widget_type=\"ct_team_grid.default\">\n\t\t\t\t<div class=\"elementor-widget-container\">\n\t\t\t    <div class=\"ct-grid ct-team ct-team-grid1\">\r\n        <div class=\"ct-grid-inner ct-grid-masonry row animate-time\" data-gutter=\"7\">\r\n                            <div class=\"grid-item col-xl-4 col-lg-4 col-md-6 col-sm-6 col-12\">\r\n                    <div class=\"item--inner wow fadeInUp\" data-wow-duration=\"1.2s\">\r\n                    \t                            <div class=\"item--image\">\r\n                                <img decoding=\"async\" width=\"300\" height=\"300\" src=\"https:\/\/dkt-rdc.org\/wp-content\/uploads\/2025\/09\/COUNTRY_DIRECTOR_300x300.png\" class=\"attachment-full\" alt=\"\" \/>                                <div class=\"item--social\">\r\n                                                                            <span class=\"item--social-btn\"><\/span>\r\n                                                                                    <a href=\"#\"><i class=\"\"><\/i><\/a>\r\n                                                                                    <a href=\"#\"><i class=\"\"><\/i><\/a>\r\n                                                                                    <a href=\"#\"><i class=\"\"><\/i><\/a>\r\n                                                                        <\/div>\r\n                            <\/div>\r\n                                                <div class=\"item--meta\">\r\n                            <h3 class=\"item--title\">    \r\n                                J. Ngo-Mawoh                            <\/h3>\r\n                            <div class=\"item--position\">Regional Director Central Africa (DRC-Congo-Burundi)<\/div>\r\n                            <div class=\"item--description\"><\/div>\r\n                        <\/div>\r\n                   <\/div>\r\n                <\/div>\r\n                            <div class=\"grid-item col-xl-4 col-lg-4 col-md-6 col-sm-6 col-12\">\r\n                    <div class=\"item--inner wow fadeInUp\" data-wow-duration=\"1.2s\">\r\n                    \t                            <div class=\"item--image\">\r\n                                <img decoding=\"async\" width=\"450\" height=\"450\" src=\"https:\/\/dkt-rdc.org\/wp-content\/uploads\/2025\/09\/Albert_Mamba.png\" class=\"attachment-full\" alt=\"\" \/>                                <div class=\"item--social\">\r\n                                                                            <span class=\"item--social-btn\"><\/span>\r\n                                                                                    <a href=\"#\"><i class=\"\"><\/i><\/a>\r\n                                                                                    <a href=\"#\"><i class=\"\"><\/i><\/a>\r\n                                                                                    <a href=\"\"><i class=\"\"><\/i><\/a>\r\n                                                                        <\/div>\r\n                            <\/div>\r\n                                                <div class=\"item--meta\">\r\n                            <h3 class=\"item--title\">    \r\n                                Albert Mamba                            <\/h3>\r\n                            <div class=\"item--position\">Deputy Country Director<\/div>\r\n                            <div class=\"item--description\"><\/div>\r\n                        <\/div>\r\n                   <\/div>\r\n                <\/div>\r\n                            <div class=\"grid-item col-xl-4 col-lg-4 col-md-6 col-sm-6 col-12\">\r\n                    <div class=\"item--inner wow fadeInUp\" data-wow-duration=\"1.2s\">\r\n                    \t                            <div class=\"item--image\">\r\n                                <img decoding=\"async\" width=\"450\" height=\"450\" src=\"https:\/\/dkt-rdc.org\/wp-content\/uploads\/2025\/09\/Pitchou_Kingama.png\" class=\"attachment-full\" alt=\"\" \/>                                <div class=\"item--social\">\r\n                                                                            <span class=\"item--social-btn\"><\/span>\r\n                                                                                    <a href=\"#\"><i class=\"\"><\/i><\/a>\r\n                                                                                    <a href=\"#\"><i class=\"\"><\/i><\/a>\r\n                                                                                    <a href=\"\"><i class=\"\"><\/i><\/a>\r\n                                                                        <\/div>\r\n                            <\/div>\r\n                                                <div class=\"item--meta\">\r\n                            <h3 class=\"item--title\">    \r\n                                Pitchou Kingama                            <\/h3>\r\n                            <div class=\"item--position\">Head of Finance<\/div>\r\n                            <div class=\"item--description\"><\/div>\r\n                        <\/div>\r\n                   <\/div>\r\n                <\/div>\r\n                            <div class=\"grid-item col-xl-4 col-lg-4 col-md-6 col-sm-6 col-12\">\r\n                    <div class=\"item--inner wow fadeInUp\" data-wow-duration=\"1.2s\">\r\n                    \t                            <div class=\"item--image\">\r\n                                <img decoding=\"async\" width=\"450\" height=\"450\" src=\"https:\/\/dkt-rdc.org\/wp-content\/uploads\/2025\/09\/Berry_Lukanda.png\" class=\"attachment-full\" alt=\"\" \/>                                <div class=\"item--social\">\r\n                                                                            <span class=\"item--social-btn\"><\/span>\r\n                                                                                    <a href=\"#\"><i class=\"\"><\/i><\/a>\r\n                                                                                    <a href=\"#\"><i class=\"\"><\/i><\/a>\r\n                                                                                    <a href=\"\"><i class=\"\"><\/i><\/a>\r\n                                                                        <\/div>\r\n                            <\/div>\r\n                                                <div class=\"item--meta\">\r\n                            <h3 class=\"item--title\">    \r\n                                Berry Lukanda                            <\/h3>\r\n                            <div class=\"item--position\">Head of Human Resources<\/div>\r\n                            <div class=\"item--description\"><\/div>\r\n                        <\/div>\r\n                   <\/div>\r\n                <\/div>\r\n                            <div class=\"grid-item col-xl-4 col-lg-4 col-md-6 col-sm-6 col-12\">\r\n                    <div class=\"item--inner wow fadeInUp\" data-wow-duration=\"1.2s\">\r\n                    \t                            <div class=\"item--image\">\r\n                                <img decoding=\"async\" width=\"300\" height=\"300\" src=\"https:\/\/dkt-rdc.org\/wp-content\/uploads\/2025\/09\/HEAD-OF-DONORS.png\" class=\"attachment-full\" alt=\"\" \/>                                <div class=\"item--social\">\r\n                                                                            <span class=\"item--social-btn\"><\/span>\r\n                                                                        <\/div>\r\n                            <\/div>\r\n                                                <div class=\"item--meta\">\r\n                            <h3 class=\"item--title\">    \r\n                                Guy Leta                            <\/h3>\r\n                            <div class=\"item--position\">Head of Donors & Programs Development<\/div>\r\n                            <div class=\"item--description\"><\/div>\r\n                        <\/div>\r\n                   <\/div>\r\n                <\/div>\r\n                            <div class=\"grid-item col-xl-4 col-lg-4 col-md-6 col-sm-6 col-12\">\r\n                    <div class=\"item--inner wow fadeInUp\" data-wow-duration=\"1.2s\">\r\n                    \t                            <div class=\"item--image\">\r\n                                <img decoding=\"async\" width=\"450\" height=\"450\" src=\"https:\/\/dkt-rdc.org\/wp-content\/uploads\/2025\/09\/Hyacinthe_Musangu.png\" class=\"attachment-full\" alt=\"\" \/>                                <div class=\"item--social\">\r\n                                                                            <span class=\"item--social-btn\"><\/span>\r\n                                                                                    <a href=\"#\"><i class=\"\"><\/i><\/a>\r\n                                                                                    <a href=\"#\"><i class=\"\"><\/i><\/a>\r\n                                                                                    <a href=\"\"><i class=\"\"><\/i><\/a>\r\n                                                                        <\/div>\r\n                            <\/div>\r\n                                                <div class=\"item--meta\">\r\n                            <h3 class=\"item--title\">    \r\n                                Hyacinthe Musangu                            <\/h3>\r\n                            <div class=\"item--position\">Head of FP-DRA and Training & Education<\/div>\r\n                            <div class=\"item--description\"><\/div>\r\n                        <\/div>\r\n                   <\/div>\r\n                <\/div>\r\n                            <div class=\"grid-item col-xl-4 col-lg-4 col-md-6 col-sm-6 col-12\">\r\n                    <div class=\"item--inner wow fadeInUp\" data-wow-duration=\"1.2s\">\r\n                    \t                            <div class=\"item--image\">\r\n                                <img decoding=\"async\" width=\"450\" height=\"450\" src=\"https:\/\/dkt-rdc.org\/wp-content\/uploads\/2025\/09\/Dholly_Senga.png\" class=\"attachment-full\" alt=\"\" \/>                                <div class=\"item--social\">\r\n                                                                            <span class=\"item--social-btn\"><\/span>\r\n                                                                        <\/div>\r\n                            <\/div>\r\n                                                <div class=\"item--meta\">\r\n                            <h3 class=\"item--title\">    \r\n                                Dholly Senga                            <\/h3>\r\n                            <div class=\"item--position\">Country Manager Burundi<\/div>\r\n                            <div class=\"item--description\"><\/div>\r\n                        <\/div>\r\n                   <\/div>\r\n                <\/div>\r\n                            <div class=\"grid-item col-xl-4 col-lg-4 col-md-6 col-sm-6 col-12\">\r\n                    <div class=\"item--inner wow fadeInUp\" data-wow-duration=\"1.2s\">\r\n                    \t                            <div class=\"item--image\">\r\n                                <img decoding=\"async\" width=\"300\" height=\"300\" src=\"https:\/\/dkt-rdc.org\/wp-content\/uploads\/2025\/09\/HEAD-OF-SELLS.png\" class=\"attachment-full\" alt=\"\" \/>                                <div class=\"item--social\">\r\n                                                                            <span class=\"item--social-btn\"><\/span>\r\n                                                                                    <a href=\"#\"><i class=\"\"><\/i><\/a>\r\n                                                                                    <a href=\"#\"><i class=\"\"><\/i><\/a>\r\n                                                                                    <a href=\"\"><i class=\"\"><\/i><\/a>\r\n                                                                        <\/div>\r\n                            <\/div>\r\n                                                <div class=\"item--meta\">\r\n                            <h3 class=\"item--title\">    \r\n                                Thibeault Kalala                            <\/h3>\r\n                            <div class=\"item--position\">Head of Organics Sales & Distribution DRC<\/div>\r\n                            <div class=\"item--description\"><\/div>\r\n                        <\/div>\r\n                   <\/div>\r\n                <\/div>\r\n                            <div class=\"grid-item col-xl-4 col-lg-4 col-md-6 col-sm-6 col-12\">\r\n                    <div class=\"item--inner wow fadeInUp\" data-wow-duration=\"1.2s\">\r\n                    \t                            <div class=\"item--image\">\r\n                                <img decoding=\"async\" width=\"300\" height=\"300\" src=\"https:\/\/dkt-rdc.org\/wp-content\/uploads\/2025\/09\/Photo-Web-site.png\" class=\"attachment-full\" alt=\"\" \/>                                <div class=\"item--social\">\r\n                                                                            <span class=\"item--social-btn\"><\/span>\r\n                                                                        <\/div>\r\n                            <\/div>\r\n                                                <div class=\"item--meta\">\r\n                            <h3 class=\"item--title\">    \r\n                                Jules Ntumba                            <\/h3>\r\n                            <div class=\"item--position\">Head Of Sales R\u00e9p. Congo<\/div>\r\n                            <div class=\"item--description\"><\/div>\r\n                        <\/div>\r\n                   <\/div>\r\n                <\/div>\r\n                        <div class=\"grid-sizer col-xl-4 col-lg-4 col-md-6 col-sm-6 col-12\"><\/div>\r\n        <\/div>\r\n    <\/div>\r\n\t\t<\/div>\n\t\t\t\t<\/div>\n\t\t            <\/div>\n        <\/div>\n                            <\/div>\n        <\/section>\n        \t\t\t\t<\/div>\n\t\t\t\t\t<\/div>\n\t\t","protected":false},"excerpt":{"rendered":"<p>Leadership Team Notre \u00e9quipe dirigeante Notre \u00e9quipe dirigeante incarne la vision de DKT : un monde o\u00f9 chaque enfant est d\u00e9sir\u00e9, o\u00f9 le sexe est \u00e9panouissant et o\u00f9 chacun est libre de ses choix. Guid\u00e9s par cette mission, nos leaders mettent leur expertise, leur passion et leur engagement au service de l\u2019innovation et de l\u2019impact, [&hellip;]<\/p>\n","protected":false},"author":1,"featured_media":0,"parent":0,"menu_order":0,"comment_status":"closed","ping_status":"closed","template":"","meta":{"footnotes":""},"class_list":["post-213","page","type-page","status-publish","hentry"],"_links":{"self":[{"href":"https:\/\/dkt-rdc.org\/index.php\/wp-json\/wp\/v2\/pages\/213","targetHints":{"allow":["GET"]}}],"collection":[{"href":"https:\/\/dkt-rdc.org\/index.php\/wp-json\/wp\/v2\/pages"}],"about":[{"href":"https:\/\/dkt-rdc.org\/index.php\/wp-json\/wp\/v2\/types\/page"}],"author":[{"embeddable":true,"href":"https:\/\/dkt-rdc.org\/index.php\/wp-json\/wp\/v2\/users\/1"}],"replies":[{"embeddable":true,"href":"https:\/\/dkt-rdc.org\/index.php\/wp-json\/wp\/v2\/comments?post=213"}],"version-history":[{"count":42,"href":"https:\/\/dkt-rdc.org\/index.php\/wp-json\/wp\/v2\/pages\/213\/revisions"}],"predecessor-version":[{"id":6645,"href":"https:\/\/dkt-rdc.org\/index.php\/wp-json\/wp\/v2\/pages\/213\/revisions\/6645"}],"wp:attachment":[{"href":"https:\/\/dkt-rdc.org\/index.php\/wp-json\/wp\/v2\/media?parent=213"}],"curies":[{"name":"wp","href":"https:\/\/api.w.org\/{rel}","templated":true}]}}